{"id":143,"date":"2008-11-12T08:00:36","date_gmt":"2008-11-12T07:00:36","guid":{"rendered":"http:\/\/www.neuesbuergerforum.de\/?page_id=143"},"modified":"2020-02-16T11:06:22","modified_gmt":"2020-02-16T10:06:22","slug":"spenden","status":"publish","type":"page","link":"https:\/\/www.xn--neuesbrgerforum-4vb.de\/?page_id=143","title":{"rendered":"Spenden"},"content":{"rendered":"<p>Liebe Interessierte,<\/p>\n<p>wir finanzieren uns ausschlie\u00dflich \u00fcber unsere Mitgliedsbeitr\u00e4ge und Spenden.<br \/>\nFalls auch Sie Ihren Beitrag zu einer unabh\u00e4ngigen und b\u00fcrgernahen Gemeindearbeit des Neuen B\u00fcrgerforums leisten m\u00f6chten, dann spenden Sie zu Gunsten<\/p>\n<p><strong>SEPA-Kontoinformation:<\/strong><br \/>\n<strong>IBAN: DE16 7003 1000 0000 0898 39<\/strong><br \/>\n<strong>BIC\/SWIFT-Code: BHLSDEM1XXX<\/strong><\/p>\n<p>Mitgliedsbeitr\u00e4ge und Spenden sind abzugsf\u00e4hig gem. \u00a734g EStG.<br \/>\nEin Dankschreiben und Ihre Spendenquittung folgen baldm\u00f6glichst.<\/p>\n<p>Wir bedanken uns ganz herzlich f\u00fcr Ihre Unterst\u00fctzung,<\/p>\n<p>Der Vorstand.<\/p>\n","protected":false},"excerpt":{"rendered":"<p>Liebe Interessierte, wir finanzieren uns ausschlie\u00dflich \u00fcber unsere Mitgliedsbeitr\u00e4ge und Spenden. Falls auch Sie Ihren&#8230;<\/p>\n","protected":false},"author":1,"featured_media":0,"parent":0,"menu_order":4,"comment_status":"closed","ping_status":"closed","template":"","meta":{"footnotes":""},"class_list":["post-143","page","type-page","status-publish","hentry"],"_links":{"self":[{"href":"https:\/\/www.xn--neuesbrgerforum-4vb.de\/index.php?rest_route=\/wp\/v2\/pages\/143","targetHints":{"allow":["GET"]}}],"collection":[{"href":"https:\/\/www.xn--neuesbrgerforum-4vb.de\/index.php?rest_route=\/wp\/v2\/pages"}],"about":[{"href":"https:\/\/www.xn--neuesbrgerforum-4vb.de\/index.php?rest_route=\/wp\/v2\/types\/page"}],"author":[{"embeddable":true,"href":"https:\/\/www.xn--neuesbrgerforum-4vb.de\/index.php?rest_route=\/wp\/v2\/users\/1"}],"replies":[{"embeddable":true,"href":"https:\/\/www.xn--neuesbrgerforum-4vb.de\/index.php?rest_route=%2Fwp%2Fv2%2Fcomments&post=143"}],"version-history":[{"count":0,"href":"https:\/\/www.xn--neuesbrgerforum-4vb.de\/index.php?rest_route=\/wp\/v2\/pages\/143\/revisions"}],"wp:attachment":[{"href":"https:\/\/www.xn--neuesbrgerforum-4vb.de\/index.php?rest_route=%2Fwp%2Fv2%2Fmedia&parent=143"}],"curies":[{"name":"wp","href":"https:\/\/api.w.org\/{rel}","templated":true}]}}