{"id":1458,"date":"2020-02-04T15:00:00","date_gmt":"2020-02-04T14:00:00","guid":{"rendered":"http:\/\/www.xn--neuesbrgerforum-4vb.de\/?page_id=1458"},"modified":"2023-01-22T11:21:30","modified_gmt":"2023-01-22T10:21:30","slug":"rathaus","status":"publish","type":"page","link":"https:\/\/www.xn--neuesbrgerforum-4vb.de\/?page_id=1458","title":{"rendered":"Mogelpackung B\u00fcrgerhaus"},"content":{"rendered":"<p>Fakten &#8211; Fakten &#8211; Fakten<\/p>\n<p>Zur Lekt\u00fcre empfehlen wir unseren <a href=\"http:\/\/www.xn--neuesbrgerforum-4vb.de\/wp-content\/uploads\/2014\/02\/140216-Flyer-Rathaus-Aufkl\u00e4rung.pdf\">Flyer Rathaus-Aufkl\u00e4rung<\/a><\/p>\n<p>Die darin enthaltenen Zahlen, Daten und Fakten sind belegt. Sie entstammen der Architektenplanung, die dem Rathaus inkl. Ex-B\u00fcrgermeister Strasser vorlagen, jedoch nie von ihm \u00f6ffentlich gemacht wurde. Die urspr\u00fcnglich von ihm genannten Kosten des Rathaus-Neubaus von 2 bis 2,5 Mio. \u20ac w\u00e4ren exorbitant \u00fcberschritten worden. Mindestens 5,3 Mio. sind in der Architektenplanung vorgesehen.<br \/>\nErst durch die Akteneinsicht im Rahmen des B\u00fcrgerbegehrens haben wir die Fakten aufdecken k\u00f6nnen.<\/p>\n<p>Unseres Erachtens ist es ein Skandal, dass Ex-B\u00fcrgermeister Strasser die wahren Zahlen nie genannt hat.<\/p>\n","protected":false},"excerpt":{"rendered":"<p>Fakten &#8211; Fakten &#8211; Fakten Zur Lekt\u00fcre empfehlen wir unseren Flyer Rathaus-Aufkl\u00e4rung Die darin enthaltenen&#8230;<\/p>\n","protected":false},"author":11,"featured_media":0,"parent":1464,"menu_order":1,"comment_status":"closed","ping_status":"closed","template":"","meta":{"footnotes":""},"class_list":["post-1458","page","type-page","status-publish","hentry"],"_links":{"self":[{"href":"https:\/\/www.xn--neuesbrgerforum-4vb.de\/index.php?rest_route=\/wp\/v2\/pages\/1458","targetHints":{"allow":["GET"]}}],"collection":[{"href":"https:\/\/www.xn--neuesbrgerforum-4vb.de\/index.php?rest_route=\/wp\/v2\/pages"}],"about":[{"href":"https:\/\/www.xn--neuesbrgerforum-4vb.de\/index.php?rest_route=\/wp\/v2\/types\/page"}],"author":[{"embeddable":true,"href":"https:\/\/www.xn--neuesbrgerforum-4vb.de\/index.php?rest_route=\/wp\/v2\/users\/11"}],"replies":[{"embeddable":true,"href":"https:\/\/www.xn--neuesbrgerforum-4vb.de\/index.php?rest_route=%2Fwp%2Fv2%2Fcomments&post=1458"}],"version-history":[{"count":0,"href":"https:\/\/www.xn--neuesbrgerforum-4vb.de\/index.php?rest_route=\/wp\/v2\/pages\/1458\/revisions"}],"up":[{"embeddable":true,"href":"https:\/\/www.xn--neuesbrgerforum-4vb.de\/index.php?rest_route=\/wp\/v2\/pages\/1464"}],"wp:attachment":[{"href":"https:\/\/www.xn--neuesbrgerforum-4vb.de\/index.php?rest_route=%2Fwp%2Fv2%2Fmedia&parent=1458"}],"curies":[{"name":"wp","href":"https:\/\/api.w.org\/{rel}","templated":true}]}}