{"id":1464,"date":"2020-02-04T15:00:00","date_gmt":"2020-02-04T14:00:00","guid":{"rendered":"http:\/\/www.xn--neuesbrgerforum-4vb.de\/?page_id=1464"},"modified":"2020-02-18T09:29:02","modified_gmt":"2020-02-18T08:29:02","slug":"rathaus-ja-oder-nein","status":"publish","type":"page","link":"https:\/\/www.xn--neuesbrgerforum-4vb.de\/?page_id=1464","title":{"rendered":"Rathaus"},"content":{"rendered":"<p>Entgegen aller Ger\u00fcchte, die gerne von unseren Mitbewerbern gestreut werden: Wir sind unver\u00e4ndert <b>f\u00fcr<\/b> eine lebenswerte Ortsmitte, jedoch\u00a0<b>ohne<\/b> neues Rathaus.<\/p>\n<p><strong>Schauen wir zur\u00fcck:<\/strong><\/p>\n<p>Unsere bisher gr\u00f6\u00dfte Herausforderung war der insbesondere von der CSU-Fraktion gewollte <strong>Rathaus-Neubau.<\/strong> Genau an der Stelle, wo heute die Bauarbeiten zur &#8222;Neuen Ortsmitte&#8220; im Gange sind. Mit viel Engagement, Leidenschaft und dem Einsatz privater Gelder haben wir erstmalig das Instrument des sogenannten <strong>&#8222;B\u00fcrgerentscheids&#8220;<\/strong> nach Tiefenbach geholt.<\/p>\n<p>Dies war n\u00f6tig, weil die gew\u00fcnschten Informationen \u00fcber die Planungs- und Baukosten weder vom damaligen B\u00fcrgermeister noch von der Gemeinderatsmehrheit offengelegt wurden. Erst vor dem Verwaltungsgericht Regensburg bekamen wir Einblick in die Unterlagen. Das Rathaus sollte <strong>mehr als 5 Mio. Euro der gemeindlichen R\u00fccklagen<\/strong> verschlingen. Die Au\u00dfenanlagen und eine Tiefgarage waren darin noch nicht einmal enthalten. Die deutliche Mehrheit der Gemeindeb\u00fcrger lehnte bei der durchgef\u00fchrten Abstimmung einen Rathaus-Neubau ab.<\/p>\n<p>Erst diese <strong>Schonung der gemeindlichen R\u00fccklagen<\/strong> hat den Gemeinderat \u00fcberhaupt in die Lage versetzt, die notwendigen Investitionen zum Beispiel in eine <strong>Kindertagesst\u00e4tte in Tiefenbach<\/strong> und auch den <strong>Neubau der Schulturnhalle in Ast<\/strong> vornehmen zu k\u00f6nnen.<\/p>\n<p>Die vornehmlich von der CSU kritisierten Kosten f\u00fcr den von den Beh\u00f6rden verlangten <strong>behindertengerechten Umbau unseres bestehenden Rathauses<\/strong> belaufen sich nur auf einen Bruchteil der urspr\u00fcnglichen Neubaukosten. Zudem besitzt das Rathaus nunmehr ein zukunftssicheres B\u00fcrgerb\u00fcro, einen Aufzug bis zum Obergeschoss, einen neuen Sitzungssaal samt moderner Technik und neu gestaltete B\u00fcros f\u00fcr die Mitarbeiter.<\/p>\n<p><span style=\"color: #ff0000;\"><strong>Eine gute Investition, wie wir finden.<\/strong><\/span><\/p>\n","protected":false},"excerpt":{"rendered":"<p>Entgegen aller Ger\u00fcchte, die gerne von unseren Mitbewerbern gestreut werden: Wir sind unver\u00e4ndert f\u00fcr eine&#8230;<\/p>\n","protected":false},"author":11,"featured_media":0,"parent":5,"menu_order":2,"comment_status":"closed","ping_status":"closed","template":"","meta":{"footnotes":""},"class_list":["post-1464","page","type-page","status-publish","hentry"],"_links":{"self":[{"href":"https:\/\/www.xn--neuesbrgerforum-4vb.de\/index.php?rest_route=\/wp\/v2\/pages\/1464","targetHints":{"allow":["GET"]}}],"collection":[{"href":"https:\/\/www.xn--neuesbrgerforum-4vb.de\/index.php?rest_route=\/wp\/v2\/pages"}],"about":[{"href":"https:\/\/www.xn--neuesbrgerforum-4vb.de\/index.php?rest_route=\/wp\/v2\/types\/page"}],"author":[{"embeddable":true,"href":"https:\/\/www.xn--neuesbrgerforum-4vb.de\/index.php?rest_route=\/wp\/v2\/users\/11"}],"replies":[{"embeddable":true,"href":"https:\/\/www.xn--neuesbrgerforum-4vb.de\/index.php?rest_route=%2Fwp%2Fv2%2Fcomments&post=1464"}],"version-history":[{"count":0,"href":"https:\/\/www.xn--neuesbrgerforum-4vb.de\/index.php?rest_route=\/wp\/v2\/pages\/1464\/revisions"}],"up":[{"embeddable":true,"href":"https:\/\/www.xn--neuesbrgerforum-4vb.de\/index.php?rest_route=\/wp\/v2\/pages\/5"}],"wp:attachment":[{"href":"https:\/\/www.xn--neuesbrgerforum-4vb.de\/index.php?rest_route=%2Fwp%2Fv2%2Fmedia&parent=1464"}],"curies":[{"name":"wp","href":"https:\/\/api.w.org\/{rel}","templated":true}]}}