{"id":2049,"date":"2020-02-04T17:06:54","date_gmt":"2020-02-04T16:06:54","guid":{"rendered":"http:\/\/www.xn--neuesbrgerforum-4vb.de\/?page_id=2049"},"modified":"2023-01-22T11:52:00","modified_gmt":"2023-01-22T10:52:00","slug":"was-haben-wir-in-den-letzten-6-jahren-2014-2020-erreicht","status":"publish","type":"page","link":"https:\/\/www.xn--neuesbrgerforum-4vb.de\/?page_id=2049","title":{"rendered":"Was haben wir in den letzten 6 Jahren (2014 &#8211; 2020) erreicht?"},"content":{"rendered":"\n<p>Durch die Verhinderung des von der CSU-Fraktion gewollten Rathaus-Neubaus konnten die gemeindlichen R\u00fccklagen f\u00fcr notwendige Investitionen eingesetzt werden:<\/p>\n\n\n\n<p><strong>Kinderhaus Bachstrolche<\/strong><\/p>\n\n\n\n<figure class=\"wp-block-image\"><img decoding=\"async\" src=\"http:\/\/www.xn--neuesbrgerforum-4vb.de\/wp-content\/uploads\/2020\/02\/Kinderhaus-Tfb-800x480.jpg\" alt=\"\"\/><\/figure>\n\n\n\n<p>Im Unterfeld konnte das <a href=\"http:\/\/www.xn--neuesbrgerforum-4vb.de\/wp-content\/uploads\/2020\/02\/bachstrolche_broschuere.pdf\"><strong>Kinderhaus Bachstrolche<\/strong><\/a> im August 2018 fertig gestellt werden. Den Mittelpunkt bildet das Atrium, das das gesamt Haus mit Licht erf\u00fcllt. Die Gruppen-, Aufenthalts- und Personalr\u00e4ume wurden um das Atrium herum angeordnet. Das Grundst\u00fcck ist insgesamt ca. 4.000 qm gro\u00df, die Nutzfl\u00e4che betr\u00e4gt ca. 985 qm. Die Baukosten in H\u00f6he von 3,244 Mio. Euro wurden vom Freistaat Bayern mit 1,908 Mio. Euro bezuschusst. Der Bau dauerte von Juli 2017 bis August 2018.<\/p>\n\n\n\n<p><strong>Schulsporthalle Ast<\/strong><\/p>\n\n\n\n<p>Im Juli 2017 fand der Spatenstich f\u00fcr den Neubau der <strong><a href=\"http:\/\/www.xn--neuesbrgerforum-4vb.de\/wp-content\/uploads\/2020\/02\/schulsporthalle_ast_broschuere.pdf\">Schulsporthalle Ast<\/a><\/strong> statt. Die Turnhalle ist teilbar und wird auch von den Sportvereinen genutzt. Sie verf\u00fcgt u. a. \u00fcber einen Mehrzweckraum mit angeschlossener K\u00fcche. Ein Highlight ist nicht nur die 7 m hohe Boulderwand, sondern auch ein Unihockeyfeld. Der Bau konnte im Juli 2019 abgeschlossen werden. Im Oktober 2019 fand die Einweihung statt. Die Au\u00dfenanlagen sollen 2020 fertig gestellt werden. F\u00fcr 3,2 Mio. Euro, die vom Freistaat Bayern mit ca. 900.000 Euro bezuschusst wurden, entstand ein zukunftsf\u00e4higes Geb\u00e4ude, das f\u00fcr ein breites Spektrum an Sportarten geeignet ist.<\/p>\n\n\n\n<p><strong>Erweiterung Rathaus Tiefenbach<\/strong><\/p>\n\n\n<div class=\"wp-block-image\">\n<figure class=\"alignright is-resized\"><img loading=\"lazy\" decoding=\"async\" src=\"http:\/\/www.xn--neuesbrgerforum-4vb.de\/wp-content\/uploads\/2020\/02\/Rathaus-533x480.jpg\" alt=\"Dieses Bild hat ein leeres Alt-Attribut. Der Dateiname ist Rathaus-533x480.jpg\" width=\"698\" height=\"630\"\/><\/figure>\n<\/div>\n\n\n<p>Durch die <a href=\"http:\/\/www.xn--neuesbrgerforum-4vb.de\/wp-content\/uploads\/2020\/02\/rathaus_broschuere.pdf\"><strong>Erweiterung des bestehenden Rathauses<\/strong><\/a> konnten zus\u00e4tzlich ca. 220 qm Fl\u00e4che gewonnen werden. Die Kosten belaufen sich hierf\u00fcr voraussichtlich auf 1,315 Mio. Euro, wobei das Bauwerk  selbst 980.000 Euro kostete, die Einrichtung, EDV und Beleuchtung 250.000 Euro und die Au\u00dfenanlagen 85.000 Euro.  <\/p>\n\n\n\n<figure class=\"wp-block-image\"><img decoding=\"async\" src=\"http:\/\/www.xn--neuesbrgerforum-4vb.de\/wp-content\/uploads\/2020\/02\/Anbau-Fw-Haus-Tfb2-800x480.jpg\" alt=\"Dieses Bild hat ein leeres Alt-Attribut. Der Dateiname ist Anbau-Fw-Haus-Tfb2-800x480.jpg\"\/><\/figure>\n\n\n\n<p class=\"has-small-font-size\">Quellenverzeichnis:<br>Die Brosch\u00fcren &#8222;Kinderhaus Bachstrolche&#8220;, &#8222;Schulspsorthalle Ast&#8220; und &#8222;Erweiterung Rathaus Tiefenbach&#8220; wurden von der Gemeinde Tiefenbach erstellt. <br>Die Fotos sind von Elfriede Haslauer.<\/p>\n","protected":false},"excerpt":{"rendered":"<p>Durch die Verhinderung des von der CSU-Fraktion gewollten Rathaus-Neubaus konnten die gemeindlichen R\u00fccklagen f\u00fcr notwendige&#8230;<\/p>\n","protected":false},"author":11,"featured_media":0,"parent":0,"menu_order":2,"comment_status":"closed","ping_status":"closed","template":"","meta":{"footnotes":""},"class_list":["post-2049","page","type-page","status-publish","hentry"],"_links":{"self":[{"href":"https:\/\/www.xn--neuesbrgerforum-4vb.de\/index.php?rest_route=\/wp\/v2\/pages\/2049","targetHints":{"allow":["GET"]}}],"collection":[{"href":"https:\/\/www.xn--neuesbrgerforum-4vb.de\/index.php?rest_route=\/wp\/v2\/pages"}],"about":[{"href":"https:\/\/www.xn--neuesbrgerforum-4vb.de\/index.php?rest_route=\/wp\/v2\/types\/page"}],"author":[{"embeddable":true,"href":"https:\/\/www.xn--neuesbrgerforum-4vb.de\/index.php?rest_route=\/wp\/v2\/users\/11"}],"replies":[{"embeddable":true,"href":"https:\/\/www.xn--neuesbrgerforum-4vb.de\/index.php?rest_route=%2Fwp%2Fv2%2Fcomments&post=2049"}],"version-history":[{"count":0,"href":"https:\/\/www.xn--neuesbrgerforum-4vb.de\/index.php?rest_route=\/wp\/v2\/pages\/2049\/revisions"}],"wp:attachment":[{"href":"https:\/\/www.xn--neuesbrgerforum-4vb.de\/index.php?rest_route=%2Fwp%2Fv2%2Fmedia&parent=2049"}],"curies":[{"name":"wp","href":"https:\/\/api.w.org\/{rel}","templated":true}]}}