{"id":5,"date":"2008-03-09T23:03:27","date_gmt":"2008-03-09T22:03:27","guid":{"rendered":"http:\/\/jugendparlament.biz\/nbf\/?page_id=5"},"modified":"2014-02-02T09:41:57","modified_gmt":"2014-02-02T07:41:57","slug":"5-2","status":"publish","type":"page","link":"https:\/\/www.xn--neuesbrgerforum-4vb.de\/?page_id=5","title":{"rendered":"Unser Ursprung"},"content":{"rendered":"<p>Das Neue B\u00fcrgerforum f\u00fcr die Gemeinde Tiefenbach wurde im November 2007 als eingetragener Verein gegr\u00fcndet und handelt<strong> wirtschaftlich und politisch v\u00f6llig unabh\u00e4ngig<\/strong>.<\/p>\n<p>Wir befragen die Gemeindeb\u00fcrger in regelm\u00e4\u00dfigen Abst\u00e4nden zu wichtigen Dingen in Bezug auf die Entwicklung der Gemeinde und gestalten die Entwicklung der Gemeinde aktiv mit.<br \/>\nDas neu gegr\u00fcndete B\u00fcrgerforum Tiefenbach e.V. hat deshalb bei seinen Diskussions- und Informationsveranstaltungen im Jahr 2007 gefragt, wie Sie sich die Zukunft unserer Gemeinde vorstellen.<\/p>\n<p>Wir waren \u00fcberw\u00e4ltigt von den R\u00fcckmeldungen und der Bereitschaft, gemeinsam mit uns wichtige Themen zu bearbeiten und voran zu bringen. Sie sagten uns, dass in der Zukunft noch mehr getan werden muss.<\/p>\n<ul>\n<li>K\u00fcmmert Euch mehr um die Jugend und die Senioren<\/li>\n<li>Organisiert die Infrastruktur in der Gemeinde besser<\/li>\n<li>Was ist mit offener, transparenter Gemeindearbeit?<\/li>\n<li>Weshalb erfahren wir wichtige Dinge immer erst so sp\u00e4t?<\/li>\n<li>Wie steht es um erneuerbare Energien in der Gemeinde?<\/li>\n<li>Das waren nur ein paar ausgew\u00e4hlte Themen. Wir nehmen diese Herausforderung gerne an und k\u00fcmmern uns darum.<\/li>\n<\/ul>\n<p>&nbsp;<\/p>\n<p>Auf dieser Homepage informieren wir Sie \u00fcber unsere Schwerpunktthemen, mit denen wir f\u00fcr Sie eine transparente, b\u00fcrgernahe und unabh\u00e4ngige Gemeindearbeit kompetent umsetzen m\u00f6chten.<br \/>\nOb jung, ob alt, gerne sind wir Ihr Ansprechpartner f\u00fcr Ideen, W\u00fcnsche, Anregungen und Kritik.<br \/>\nDas Team vom Neuen B\u00fcrgerforum freut sich auf den Dialog mit Ihnen!<\/p>\n<p><strong>Das \u201eWIR&#8220; gewinnt!<\/strong><\/p>\n<p>&nbsp;<\/p>\n","protected":false},"excerpt":{"rendered":"<p>Das Neue B\u00fcrgerforum f\u00fcr die Gemeinde Tiefenbach wurde im November 2007 als eingetragener Verein gegr\u00fcndet&#8230;<\/p>\n","protected":false},"author":1,"featured_media":0,"parent":0,"menu_order":2,"comment_status":"closed","ping_status":"open","template":"","meta":{"footnotes":""},"class_list":["post-5","page","type-page","status-publish","hentry"],"_links":{"self":[{"href":"https:\/\/www.xn--neuesbrgerforum-4vb.de\/index.php?rest_route=\/wp\/v2\/pages\/5","targetHints":{"allow":["GET"]}}],"collection":[{"href":"https:\/\/www.xn--neuesbrgerforum-4vb.de\/index.php?rest_route=\/wp\/v2\/pages"}],"about":[{"href":"https:\/\/www.xn--neuesbrgerforum-4vb.de\/index.php?rest_route=\/wp\/v2\/types\/page"}],"author":[{"embeddable":true,"href":"https:\/\/www.xn--neuesbrgerforum-4vb.de\/index.php?rest_route=\/wp\/v2\/users\/1"}],"replies":[{"embeddable":true,"href":"https:\/\/www.xn--neuesbrgerforum-4vb.de\/index.php?rest_route=%2Fwp%2Fv2%2Fcomments&post=5"}],"version-history":[{"count":0,"href":"https:\/\/www.xn--neuesbrgerforum-4vb.de\/index.php?rest_route=\/wp\/v2\/pages\/5\/revisions"}],"wp:attachment":[{"href":"https:\/\/www.xn--neuesbrgerforum-4vb.de\/index.php?rest_route=%2Fwp%2Fv2%2Fmedia&parent=5"}],"curies":[{"name":"wp","href":"https:\/\/api.w.org\/{rel}","templated":true}]}}